{"id":2445,"date":"2022-02-24T05:03:32","date_gmt":"2022-02-24T05:03:32","guid":{"rendered":"https:\/\/chiaparaguay.com\/chi-siamo\/"},"modified":"2024-03-21T11:38:06","modified_gmt":"2024-03-21T11:38:06","slug":"chi-siamo","status":"publish","type":"page","link":"https:\/\/chiaparaguay.com\/it\/chi-siamo\/","title":{"rendered":"Chi siamo"},"content":{"rendered":"\n<div class=\"wp-block-uagb-container uagb-block-47366506 alignfull uagb-is-root-container\"><div class=\"uagb-container-inner-blocks-wrap\">\n<div class=\"wp-block-uagb-advanced-heading uagb-block-d97bb5be\"><h2 class=\"uagb-heading-text\">UNA TRADIZIONE DI ECCELLENZA NEI SEMI DI CHIA PARAGUAIANI<\/h2><\/div>\n\n\n\n<p><\/p>\n\n\n\n<p>Fondata nel 2000, ChiaParaguay.com si \u00e8 affermata come uno dei principali produttori e importatori di semi di chia dal Paraguay, fornendo mercati in vari paesi europei, negli Stati Uniti e oltre. Nel corso degli anni, abbiamo fornito con orgoglio i nostri semi di chia di alta qualit\u00e0 a una vasta gamma di clienti, dalle marche note a iniziative di marca bianca, garantendo ai nostri partner prodotti sani e nutritivi per arricchire la loro offerta alimentare.<\/p>\n\n\n\n<p>Il nostro successo \u00e8 radicato in un impegno fermo a selezionare solo i migliori semi di chia, coltivati in Paraguay utilizzando pratiche agricole sostenibili che non solo garantiscono un prodotto superiore, ma contribuiscono anche al benessere del nostro pianeta. Questa dedizione si riflette in ogni sacchetto di semi di chia che produciamo, promettendo un prodotto sia nutriente che puro.<\/p>\n\n\n\n<p>Conosciuto per la sua ricchezza di omega-3, fibre e proteine, il seme di chia \u00e8 un superalimento che ha guadagnato riconoscimento in tutto il mondo per i suoi molteplici benefici per la salute. La nostra chia \u00e8 coltivata con cura nelle terre fertili del Paraguay, assicurando che ogni seme raggiunga il suo massimo potenziale nutrizionale. Processati secondo rigorosi standard di qualit\u00e0, i nostri semi di chia sono ideali per una variet\u00e0 di applicazioni culinarie, dai frullati sani ai prodotti da forno nutritivi, offrendo ai nostri clienti la flessibilit\u00e0 di incorporarli in qualsiasi dieta.<\/p>\n\n\n\n<p>ChiaParaguay.com si distingue nel mercato per la nostra trasparenza, tracciabilit\u00e0 e impegno per la sostenibilit\u00e0, rendendoci la scelta preferita per coloro che cercano non solo di migliorare la propria salute, ma anche di sostenere pratiche agricole responsabili. I nostri prodotti sono rigorosamente testati per soddisfare gli standard di qualit\u00e0 pi\u00f9 elevati, garantendo che ogni lotto di semi di chia offra prestazioni eccezionali.<\/p>\n\n\n\n<p>In ChiaParaguay.com, siamo profondamente orgogliosi del nostro ruolo come leader nella produzione e fornitura di semi di chia di alta qualit\u00e0. La nostra vasta esperienza nella coltivazione e esportazione di chia, combinata con un&#8217;ininterrotta ricerca dell&#8217;eccellenza, ha consolidato la nostra reputazione come fornitore di fiducia nell&#8217;industria dei superalimenti. Scoprite la differenza di ChiaParaguay.com e arricchite la vostra offerta alimentare con i nostri semi di chia di prima qualit\u00e0 oggi stesso.<\/p>\n<\/div><\/div>\n","protected":false},"excerpt":{"rendered":"<p>UNA TRADIZIONE DI ECCELLENZA NEI SEMI DI CHIA PARAGUAIANI Fondata nel 2000, ChiaParaguay.com si \u00e8 affermata come uno dei principali produttori e importatori di semi di chia dal Paraguay, fornendo mercati in vari paesi europei, negli Stati Uniti e oltre. Nel corso degli anni, abbiamo fornito con orgoglio i nostri semi di chia di alta &hellip;<\/p>\n<p class=\"read-more\"> <a class=\"\" href=\"https:\/\/chiaparaguay.com\/it\/chi-siamo\/\"> <span class=\"screen-reader-text\">Chi siamo<\/span> Leggi tutto \u00bb<\/a><\/p>\n","protected":false},"author":1,"featured_media":0,"parent":0,"menu_order":0,"comment_status":"closed","ping_status":"closed","template":"","meta":{"_uag_custom_page_level_css":"","site-sidebar-layout":"no-sidebar","site-content-layout":"page-builder","ast-global-header-display":"","ast-main-header-display":"","ast-hfb-above-header-display":"","ast-hfb-below-header-display":"","ast-hfb-mobile-header-display":"","site-post-title":"disabled","ast-breadcrumbs-content":"","ast-featured-img":"disabled","footer-sml-layout":"","theme-transparent-header-meta":"enabled","adv-header-id-meta":"","stick-header-meta":"","header-above-stick-meta":"","header-main-stick-meta":"","header-below-stick-meta":"","footnotes":""},"class_list":["post-2445","page","type-page","status-publish","hentry"],"yoast_head":"<!-- This site is optimized with the Yoast SEO plugin v27.5 - https:\/\/yoast.com\/product\/yoast-seo-wordpress\/ -->\n<title>Chi siamo - ChiaParaguay.com<\/title>\n<meta name=\"robots\" content=\"index, follow, max-snippet:-1, max-image-preview:large, max-video-preview:-1\" \/>\n<link rel=\"canonical\" href=\"https:\/\/chiaparaguay.com\/it\/chi-siamo\/\" \/>\n<meta property=\"og:locale\" content=\"it_IT\" \/>\n<meta property=\"og:type\" content=\"article\" \/>\n<meta property=\"og:title\" content=\"Chi siamo - ChiaParaguay.com\" \/>\n<meta property=\"og:description\" content=\"UNA TRADIZIONE DI ECCELLENZA NEI SEMI DI CHIA PARAGUAIANI Fondata nel 2000, ChiaParaguay.com si \u00e8 affermata come uno dei principali produttori e importatori di semi di chia dal Paraguay, fornendo mercati in vari paesi europei, negli Stati Uniti e oltre. Nel corso degli anni, abbiamo fornito con orgoglio i nostri semi di chia di alta &hellip; Chi siamo Leggi tutto \u00bb\" \/>\n<meta property=\"og:url\" content=\"https:\/\/chiaparaguay.com\/it\/chi-siamo\/\" \/>\n<meta property=\"og:site_name\" content=\"ChiaParaguay.com\" \/>\n<meta property=\"article:publisher\" content=\"https:\/\/www.facebook.com\/quebrachoexport\" \/>\n<meta property=\"article:modified_time\" content=\"2024-03-21T11:38:06+00:00\" \/>\n<meta name=\"twitter:card\" content=\"summary_large_image\" \/>\n<meta name=\"twitter:label1\" content=\"Tempo di lettura stimato\" \/>\n\t<meta name=\"twitter:data1\" content=\"2 minuti\" \/>\n<script type=\"application\/ld+json\" class=\"yoast-schema-graph\">{\"@context\":\"https:\\\/\\\/schema.org\",\"@graph\":[{\"@type\":\"WebPage\",\"@id\":\"https:\\\/\\\/chiaparaguay.com\\\/it\\\/chi-siamo\\\/\",\"url\":\"https:\\\/\\\/chiaparaguay.com\\\/it\\\/chi-siamo\\\/\",\"name\":\"Chi siamo - ChiaParaguay.com\",\"isPartOf\":{\"@id\":\"https:\\\/\\\/chiaparaguay.com\\\/it\\\/#website\"},\"datePublished\":\"2022-02-24T05:03:32+00:00\",\"dateModified\":\"2024-03-21T11:38:06+00:00\",\"breadcrumb\":{\"@id\":\"https:\\\/\\\/chiaparaguay.com\\\/it\\\/chi-siamo\\\/#breadcrumb\"},\"inLanguage\":\"it-IT\",\"potentialAction\":[{\"@type\":\"ReadAction\",\"target\":[\"https:\\\/\\\/chiaparaguay.com\\\/it\\\/chi-siamo\\\/\"]}]},{\"@type\":\"BreadcrumbList\",\"@id\":\"https:\\\/\\\/chiaparaguay.com\\\/it\\\/chi-siamo\\\/#breadcrumb\",\"itemListElement\":[{\"@type\":\"ListItem\",\"position\":1,\"name\":\"Home\",\"item\":\"https:\\\/\\\/chiaparaguay.com\\\/it\\\/\"},{\"@type\":\"ListItem\",\"position\":2,\"name\":\"Chi siamo\"}]},{\"@type\":\"WebSite\",\"@id\":\"https:\\\/\\\/chiaparaguay.com\\\/it\\\/#website\",\"url\":\"https:\\\/\\\/chiaparaguay.com\\\/it\\\/\",\"name\":\"ChiaParaguay.com\",\"description\":\"Superior Chia Seeds from Paraguay\",\"publisher\":{\"@id\":\"https:\\\/\\\/chiaparaguay.com\\\/it\\\/#organization\"},\"potentialAction\":[{\"@type\":\"SearchAction\",\"target\":{\"@type\":\"EntryPoint\",\"urlTemplate\":\"https:\\\/\\\/chiaparaguay.com\\\/it\\\/?s={search_term_string}\"},\"query-input\":{\"@type\":\"PropertyValueSpecification\",\"valueRequired\":true,\"valueName\":\"search_term_string\"}}],\"inLanguage\":\"it-IT\"},{\"@type\":\"Organization\",\"@id\":\"https:\\\/\\\/chiaparaguay.com\\\/it\\\/#organization\",\"name\":\"ChiaParaguay.com\",\"url\":\"https:\\\/\\\/chiaparaguay.com\\\/it\\\/\",\"logo\":{\"@type\":\"ImageObject\",\"inLanguage\":\"it-IT\",\"@id\":\"https:\\\/\\\/chiaparaguay.com\\\/it\\\/#\\\/schema\\\/logo\\\/image\\\/\",\"url\":\"https:\\\/\\\/chiaparaguay.com\\\/wp-content\\\/uploads\\\/2023\\\/11\\\/chia-paraguay-logo.png\",\"contentUrl\":\"https:\\\/\\\/chiaparaguay.com\\\/wp-content\\\/uploads\\\/2023\\\/11\\\/chia-paraguay-logo.png\",\"width\":900,\"height\":300,\"caption\":\"ChiaParaguay.com\"},\"image\":{\"@id\":\"https:\\\/\\\/chiaparaguay.com\\\/it\\\/#\\\/schema\\\/logo\\\/image\\\/\"},\"sameAs\":[\"https:\\\/\\\/www.facebook.com\\\/quebrachoexport\",\"https:\\\/\\\/www.linkedin.com\\\/company\\\/93223467\"]}]}<\/script>\n<!-- \/ Yoast SEO plugin. -->","yoast_head_json":{"title":"Chi siamo - ChiaParaguay.com","robots":{"index":"index","follow":"follow","max-snippet":"max-snippet:-1","max-image-preview":"max-image-preview:large","max-video-preview":"max-video-preview:-1"},"canonical":"https:\/\/chiaparaguay.com\/it\/chi-siamo\/","og_locale":"it_IT","og_type":"article","og_title":"Chi siamo - ChiaParaguay.com","og_description":"UNA TRADIZIONE DI ECCELLENZA NEI SEMI DI CHIA PARAGUAIANI Fondata nel 2000, ChiaParaguay.com si \u00e8 affermata come uno dei principali produttori e importatori di semi di chia dal Paraguay, fornendo mercati in vari paesi europei, negli Stati Uniti e oltre. Nel corso degli anni, abbiamo fornito con orgoglio i nostri semi di chia di alta &hellip; Chi siamo Leggi tutto \u00bb","og_url":"https:\/\/chiaparaguay.com\/it\/chi-siamo\/","og_site_name":"ChiaParaguay.com","article_publisher":"https:\/\/www.facebook.com\/quebrachoexport","article_modified_time":"2024-03-21T11:38:06+00:00","twitter_card":"summary_large_image","twitter_misc":{"Tempo di lettura stimato":"2 minuti"},"schema":{"@context":"https:\/\/schema.org","@graph":[{"@type":"WebPage","@id":"https:\/\/chiaparaguay.com\/it\/chi-siamo\/","url":"https:\/\/chiaparaguay.com\/it\/chi-siamo\/","name":"Chi siamo - ChiaParaguay.com","isPartOf":{"@id":"https:\/\/chiaparaguay.com\/it\/#website"},"datePublished":"2022-02-24T05:03:32+00:00","dateModified":"2024-03-21T11:38:06+00:00","breadcrumb":{"@id":"https:\/\/chiaparaguay.com\/it\/chi-siamo\/#breadcrumb"},"inLanguage":"it-IT","potentialAction":[{"@type":"ReadAction","target":["https:\/\/chiaparaguay.com\/it\/chi-siamo\/"]}]},{"@type":"BreadcrumbList","@id":"https:\/\/chiaparaguay.com\/it\/chi-siamo\/#breadcrumb","itemListElement":[{"@type":"ListItem","position":1,"name":"Home","item":"https:\/\/chiaparaguay.com\/it\/"},{"@type":"ListItem","position":2,"name":"Chi siamo"}]},{"@type":"WebSite","@id":"https:\/\/chiaparaguay.com\/it\/#website","url":"https:\/\/chiaparaguay.com\/it\/","name":"ChiaParaguay.com","description":"Superior Chia Seeds from Paraguay","publisher":{"@id":"https:\/\/chiaparaguay.com\/it\/#organization"},"potentialAction":[{"@type":"SearchAction","target":{"@type":"EntryPoint","urlTemplate":"https:\/\/chiaparaguay.com\/it\/?s={search_term_string}"},"query-input":{"@type":"PropertyValueSpecification","valueRequired":true,"valueName":"search_term_string"}}],"inLanguage":"it-IT"},{"@type":"Organization","@id":"https:\/\/chiaparaguay.com\/it\/#organization","name":"ChiaParaguay.com","url":"https:\/\/chiaparaguay.com\/it\/","logo":{"@type":"ImageObject","inLanguage":"it-IT","@id":"https:\/\/chiaparaguay.com\/it\/#\/schema\/logo\/image\/","url":"https:\/\/chiaparaguay.com\/wp-content\/uploads\/2023\/11\/chia-paraguay-logo.png","contentUrl":"https:\/\/chiaparaguay.com\/wp-content\/uploads\/2023\/11\/chia-paraguay-logo.png","width":900,"height":300,"caption":"ChiaParaguay.com"},"image":{"@id":"https:\/\/chiaparaguay.com\/it\/#\/schema\/logo\/image\/"},"sameAs":["https:\/\/www.facebook.com\/quebrachoexport","https:\/\/www.linkedin.com\/company\/93223467"]}]}},"uagb_featured_image_src":{"full":false,"thumbnail":false,"medium":false,"medium_large":false,"large":false,"1536x1536":false,"2048x2048":false},"uagb_author_info":{"display_name":"admin","author_link":"https:\/\/chiaparaguay.com\/it\/author\/admin\/"},"uagb_comment_info":0,"uagb_excerpt":"UNA TRADIZIONE DI ECCELLENZA NEI SEMI DI CHIA PARAGUAIANI Fondata nel 2000, ChiaParaguay.com si \u00e8 affermata come uno dei principali produttori e importatori di semi di chia dal Paraguay, fornendo mercati in vari paesi europei, negli Stati Uniti e oltre. Nel corso degli anni, abbiamo fornito con orgoglio i nostri semi di chia di alta&hellip;","_links":{"self":[{"href":"https:\/\/chiaparaguay.com\/it\/wp-json\/wp\/v2\/pages\/2445","targetHints":{"allow":["GET"]}}],"collection":[{"href":"https:\/\/chiaparaguay.com\/it\/wp-json\/wp\/v2\/pages"}],"about":[{"href":"https:\/\/chiaparaguay.com\/it\/wp-json\/wp\/v2\/types\/page"}],"author":[{"embeddable":true,"href":"https:\/\/chiaparaguay.com\/it\/wp-json\/wp\/v2\/users\/1"}],"replies":[{"embeddable":true,"href":"https:\/\/chiaparaguay.com\/it\/wp-json\/wp\/v2\/comments?post=2445"}],"version-history":[{"count":2,"href":"https:\/\/chiaparaguay.com\/it\/wp-json\/wp\/v2\/pages\/2445\/revisions"}],"predecessor-version":[{"id":3465,"href":"https:\/\/chiaparaguay.com\/it\/wp-json\/wp\/v2\/pages\/2445\/revisions\/3465"}],"wp:attachment":[{"href":"https:\/\/chiaparaguay.com\/it\/wp-json\/wp\/v2\/media?parent=2445"}],"curies":[{"name":"wp","href":"https:\/\/api.w.org\/{rel}","templated":true}]}}