{"id":2418,"date":"2022-02-24T05:03:32","date_gmt":"2022-02-24T05:03:32","guid":{"rendered":"https:\/\/chiaparaguay.com\/ueber-uns\/"},"modified":"2024-03-21T11:44:42","modified_gmt":"2024-03-21T11:44:42","slug":"ueber-uns","status":"publish","type":"page","link":"https:\/\/chiaparaguay.com\/de\/ueber-uns\/","title":{"rendered":"\u00dcber uns"},"content":{"rendered":"\n<div class=\"wp-block-uagb-container uagb-block-47366506 alignfull uagb-is-root-container\"><div class=\"uagb-container-inner-blocks-wrap\">\n<div class=\"wp-block-uagb-advanced-heading uagb-block-d97bb5be\"><h2 class=\"uagb-heading-text\"><br>EINE TRADITION VON SPITZENLEISTUNGEN BEI DEN PARAGUAYISCHEN CHIASAMEN<\/h2><\/div>\n\n\n\n<p><\/p>\n\n\n\n<p>Gegr\u00fcndet im Jahr 2000, hat sich ChiaParaguay.com als einer der f\u00fchrenden Produzenten und Importeure von Chiasamen aus Paraguay etabliert und beliefert M\u00e4rkte in verschiedenen europ\u00e4ischen L\u00e4ndern, den Vereinigten Staaten und dar\u00fcber hinaus. \u00dcber die Jahre hinweg haben wir stolz unsere hochwertigen Chiasamen an eine breite Palette von Kunden geliefert, von bekannten Marken bis hin zu White-Label-Initiativen, und unseren Partnern gesunde und nahrhafte Produkte zur Bereicherung ihres Lebensmittelangebots zur Verf\u00fcgung gestellt.<\/p>\n\n\n\n<p>Unser Erfolg beruht auf dem unersch\u00fctterlichen Engagement, ausschlie\u00dflich die feinsten in Paraguay angebauten Chiasamen auszuw\u00e4hlen, die unter Verwendung nachhaltiger landwirtschaftlicher Praktiken kultiviert werden. Diese Praktiken garantieren nicht nur ein \u00fcberlegenes Produkt, sondern tragen auch zum Wohlbefinden unseres Planeten bei. Diese Hingabe spiegelt sich in jedem Beutel Chiasamen wider, den wir produzieren, und verspricht ein Produkt, das sowohl nahrhaft als auch rein ist.<\/p>\n\n\n\n<p>Chiasamen, bekannt f\u00fcr ihren Reichtum an Omega-3-Fetts\u00e4uren, Ballaststoffen und Proteinen, sind ein Superfood, das weltweit Anerkennung f\u00fcr seine zahlreichen Gesundheitsvorteile gefunden hat. Unsere Chiasamen werden sorgf\u00e4ltig auf den fruchtbaren B\u00f6den Paraguays angebaut, um sicherzustellen, dass jedes Samenkorn sein maximales Ern\u00e4hrungspotenzial erreicht. Verarbeitet nach strengen Qualit\u00e4tsstandards, eignen sich unsere Chiasamen ideal f\u00fcr eine Vielzahl kulinarischer Anwendungen, von gesunden Smoothies bis hin zu nahrhaften Backwaren, und bieten unseren Kunden die Flexibilit\u00e4t, sie in jede Di\u00e4t einzubinden.<\/p>\n\n\n\n<p>ChiaParaguay.com hebt sich auf dem Markt durch unsere Transparenz, R\u00fcckverfolgbarkeit und unser Engagement f\u00fcr Nachhaltigkeit ab, was uns zur bevorzugten Wahl f\u00fcr diejenigen macht, die nicht nur ihre Gesundheit verbessern, sondern auch verantwortungsbewusste landwirtschaftliche Praktiken unterst\u00fctzen m\u00f6chten. Unsere Produkte werden streng getestet, um die h\u00f6chsten Qualit\u00e4tsstandards zu erf\u00fcllen, wodurch jede Charge Chiasamen eine au\u00dfergew\u00f6hnliche Leistung bietet.<\/p>\n\n\n\n<p>Bei ChiaParaguay.com sind wir zutiefst stolz auf unsere Rolle als F\u00fchrer in der Produktion und Lieferung von hochwertigen Chiasamen. Unsere umfangreiche Erfahrung im Anbau und Export von Chia, kombiniert mit einem unerm\u00fcdlichen Streben nach Exzellenz, hat unseren Ruf als vertrauensw\u00fcrdigen Anbieter in der Superfood-Industrie gefestigt. Entdecken Sie den Unterschied von ChiaParaguay.com und bereichern Sie Ihr Lebensmittelangebot noch heute mit unseren Premium-Chiasamen.<\/p>\n<\/div><\/div>\n","protected":false},"excerpt":{"rendered":"<p>EINE TRADITION VON SPITZENLEISTUNGEN BEI DEN PARAGUAYISCHEN CHIASAMEN Gegr\u00fcndet im Jahr 2000, hat sich ChiaParaguay.com als einer der f\u00fchrenden Produzenten und Importeure von Chiasamen aus Paraguay etabliert und beliefert M\u00e4rkte in verschiedenen europ\u00e4ischen L\u00e4ndern, den Vereinigten Staaten und dar\u00fcber hinaus. \u00dcber die Jahre hinweg haben wir stolz unsere hochwertigen Chiasamen an eine breite Palette von &hellip;<\/p>\n<p class=\"read-more\"> <a class=\"\" href=\"https:\/\/chiaparaguay.com\/de\/ueber-uns\/\"> <span class=\"screen-reader-text\">\u00dcber uns<\/span> Read More \u00bb<\/a><\/p>\n","protected":false},"author":1,"featured_media":0,"parent":0,"menu_order":0,"comment_status":"closed","ping_status":"closed","template":"","meta":{"_uag_custom_page_level_css":"","site-sidebar-layout":"no-sidebar","site-content-layout":"page-builder","ast-global-header-display":"","ast-main-header-display":"","ast-hfb-above-header-display":"","ast-hfb-below-header-display":"","ast-hfb-mobile-header-display":"","site-post-title":"disabled","ast-breadcrumbs-content":"","ast-featured-img":"disabled","footer-sml-layout":"","theme-transparent-header-meta":"enabled","adv-header-id-meta":"","stick-header-meta":"","header-above-stick-meta":"","header-main-stick-meta":"","header-below-stick-meta":"","footnotes":""},"class_list":["post-2418","page","type-page","status-publish","hentry"],"yoast_head":"<!-- This site is optimized with the Yoast SEO plugin v27.5 - https:\/\/yoast.com\/product\/yoast-seo-wordpress\/ -->\n<title>\u00dcber uns - ChiaParaguay.com<\/title>\n<meta name=\"robots\" content=\"index, follow, max-snippet:-1, max-image-preview:large, max-video-preview:-1\" \/>\n<link rel=\"canonical\" href=\"https:\/\/chiaparaguay.com\/de\/ueber-uns\/\" \/>\n<meta property=\"og:locale\" content=\"de_DE\" \/>\n<meta property=\"og:type\" content=\"article\" \/>\n<meta property=\"og:title\" content=\"\u00dcber uns - ChiaParaguay.com\" \/>\n<meta property=\"og:description\" content=\"EINE TRADITION VON SPITZENLEISTUNGEN BEI DEN PARAGUAYISCHEN CHIASAMEN Gegr\u00fcndet im Jahr 2000, hat sich ChiaParaguay.com als einer der f\u00fchrenden Produzenten und Importeure von Chiasamen aus Paraguay etabliert und beliefert M\u00e4rkte in verschiedenen europ\u00e4ischen L\u00e4ndern, den Vereinigten Staaten und dar\u00fcber hinaus. \u00dcber die Jahre hinweg haben wir stolz unsere hochwertigen Chiasamen an eine breite Palette von &hellip; \u00dcber uns Read More \u00bb\" \/>\n<meta property=\"og:url\" content=\"https:\/\/chiaparaguay.com\/de\/ueber-uns\/\" \/>\n<meta property=\"og:site_name\" content=\"ChiaParaguay.com\" \/>\n<meta property=\"article:publisher\" content=\"https:\/\/www.facebook.com\/quebrachoexport\" \/>\n<meta property=\"article:modified_time\" content=\"2024-03-21T11:44:42+00:00\" \/>\n<meta name=\"twitter:card\" content=\"summary_large_image\" \/>\n<meta name=\"twitter:label1\" content=\"Gesch\u00e4tzte Lesezeit\" \/>\n\t<meta name=\"twitter:data1\" content=\"2\u00a0Minuten\" \/>\n<script type=\"application\/ld+json\" class=\"yoast-schema-graph\">{\"@context\":\"https:\\\/\\\/schema.org\",\"@graph\":[{\"@type\":\"WebPage\",\"@id\":\"https:\\\/\\\/chiaparaguay.com\\\/de\\\/ueber-uns\\\/\",\"url\":\"https:\\\/\\\/chiaparaguay.com\\\/de\\\/ueber-uns\\\/\",\"name\":\"\u00dcber uns - ChiaParaguay.com\",\"isPartOf\":{\"@id\":\"https:\\\/\\\/chiaparaguay.com\\\/de\\\/#website\"},\"datePublished\":\"2022-02-24T05:03:32+00:00\",\"dateModified\":\"2024-03-21T11:44:42+00:00\",\"breadcrumb\":{\"@id\":\"https:\\\/\\\/chiaparaguay.com\\\/de\\\/ueber-uns\\\/#breadcrumb\"},\"inLanguage\":\"de\",\"potentialAction\":[{\"@type\":\"ReadAction\",\"target\":[\"https:\\\/\\\/chiaparaguay.com\\\/de\\\/ueber-uns\\\/\"]}]},{\"@type\":\"BreadcrumbList\",\"@id\":\"https:\\\/\\\/chiaparaguay.com\\\/de\\\/ueber-uns\\\/#breadcrumb\",\"itemListElement\":[{\"@type\":\"ListItem\",\"position\":1,\"name\":\"Home\",\"item\":\"https:\\\/\\\/chiaparaguay.com\\\/de\\\/\"},{\"@type\":\"ListItem\",\"position\":2,\"name\":\"\u00dcber uns\"}]},{\"@type\":\"WebSite\",\"@id\":\"https:\\\/\\\/chiaparaguay.com\\\/de\\\/#website\",\"url\":\"https:\\\/\\\/chiaparaguay.com\\\/de\\\/\",\"name\":\"ChiaParaguay.com\",\"description\":\"Superior Chia Seeds from Paraguay\",\"publisher\":{\"@id\":\"https:\\\/\\\/chiaparaguay.com\\\/de\\\/#organization\"},\"potentialAction\":[{\"@type\":\"SearchAction\",\"target\":{\"@type\":\"EntryPoint\",\"urlTemplate\":\"https:\\\/\\\/chiaparaguay.com\\\/de\\\/?s={search_term_string}\"},\"query-input\":{\"@type\":\"PropertyValueSpecification\",\"valueRequired\":true,\"valueName\":\"search_term_string\"}}],\"inLanguage\":\"de\"},{\"@type\":\"Organization\",\"@id\":\"https:\\\/\\\/chiaparaguay.com\\\/de\\\/#organization\",\"name\":\"ChiaParaguay.com\",\"url\":\"https:\\\/\\\/chiaparaguay.com\\\/de\\\/\",\"logo\":{\"@type\":\"ImageObject\",\"inLanguage\":\"de\",\"@id\":\"https:\\\/\\\/chiaparaguay.com\\\/de\\\/#\\\/schema\\\/logo\\\/image\\\/\",\"url\":\"https:\\\/\\\/chiaparaguay.com\\\/wp-content\\\/uploads\\\/2023\\\/11\\\/chia-paraguay-logo.png\",\"contentUrl\":\"https:\\\/\\\/chiaparaguay.com\\\/wp-content\\\/uploads\\\/2023\\\/11\\\/chia-paraguay-logo.png\",\"width\":900,\"height\":300,\"caption\":\"ChiaParaguay.com\"},\"image\":{\"@id\":\"https:\\\/\\\/chiaparaguay.com\\\/de\\\/#\\\/schema\\\/logo\\\/image\\\/\"},\"sameAs\":[\"https:\\\/\\\/www.facebook.com\\\/quebrachoexport\",\"https:\\\/\\\/www.linkedin.com\\\/company\\\/93223467\"]}]}<\/script>\n<!-- \/ Yoast SEO plugin. -->","yoast_head_json":{"title":"\u00dcber uns - ChiaParaguay.com","robots":{"index":"index","follow":"follow","max-snippet":"max-snippet:-1","max-image-preview":"max-image-preview:large","max-video-preview":"max-video-preview:-1"},"canonical":"https:\/\/chiaparaguay.com\/de\/ueber-uns\/","og_locale":"de_DE","og_type":"article","og_title":"\u00dcber uns - ChiaParaguay.com","og_description":"EINE TRADITION VON SPITZENLEISTUNGEN BEI DEN PARAGUAYISCHEN CHIASAMEN Gegr\u00fcndet im Jahr 2000, hat sich ChiaParaguay.com als einer der f\u00fchrenden Produzenten und Importeure von Chiasamen aus Paraguay etabliert und beliefert M\u00e4rkte in verschiedenen europ\u00e4ischen L\u00e4ndern, den Vereinigten Staaten und dar\u00fcber hinaus. \u00dcber die Jahre hinweg haben wir stolz unsere hochwertigen Chiasamen an eine breite Palette von &hellip; \u00dcber uns Read More \u00bb","og_url":"https:\/\/chiaparaguay.com\/de\/ueber-uns\/","og_site_name":"ChiaParaguay.com","article_publisher":"https:\/\/www.facebook.com\/quebrachoexport","article_modified_time":"2024-03-21T11:44:42+00:00","twitter_card":"summary_large_image","twitter_misc":{"Gesch\u00e4tzte Lesezeit":"2\u00a0Minuten"},"schema":{"@context":"https:\/\/schema.org","@graph":[{"@type":"WebPage","@id":"https:\/\/chiaparaguay.com\/de\/ueber-uns\/","url":"https:\/\/chiaparaguay.com\/de\/ueber-uns\/","name":"\u00dcber uns - ChiaParaguay.com","isPartOf":{"@id":"https:\/\/chiaparaguay.com\/de\/#website"},"datePublished":"2022-02-24T05:03:32+00:00","dateModified":"2024-03-21T11:44:42+00:00","breadcrumb":{"@id":"https:\/\/chiaparaguay.com\/de\/ueber-uns\/#breadcrumb"},"inLanguage":"de","potentialAction":[{"@type":"ReadAction","target":["https:\/\/chiaparaguay.com\/de\/ueber-uns\/"]}]},{"@type":"BreadcrumbList","@id":"https:\/\/chiaparaguay.com\/de\/ueber-uns\/#breadcrumb","itemListElement":[{"@type":"ListItem","position":1,"name":"Home","item":"https:\/\/chiaparaguay.com\/de\/"},{"@type":"ListItem","position":2,"name":"\u00dcber uns"}]},{"@type":"WebSite","@id":"https:\/\/chiaparaguay.com\/de\/#website","url":"https:\/\/chiaparaguay.com\/de\/","name":"ChiaParaguay.com","description":"Superior Chia Seeds from Paraguay","publisher":{"@id":"https:\/\/chiaparaguay.com\/de\/#organization"},"potentialAction":[{"@type":"SearchAction","target":{"@type":"EntryPoint","urlTemplate":"https:\/\/chiaparaguay.com\/de\/?s={search_term_string}"},"query-input":{"@type":"PropertyValueSpecification","valueRequired":true,"valueName":"search_term_string"}}],"inLanguage":"de"},{"@type":"Organization","@id":"https:\/\/chiaparaguay.com\/de\/#organization","name":"ChiaParaguay.com","url":"https:\/\/chiaparaguay.com\/de\/","logo":{"@type":"ImageObject","inLanguage":"de","@id":"https:\/\/chiaparaguay.com\/de\/#\/schema\/logo\/image\/","url":"https:\/\/chiaparaguay.com\/wp-content\/uploads\/2023\/11\/chia-paraguay-logo.png","contentUrl":"https:\/\/chiaparaguay.com\/wp-content\/uploads\/2023\/11\/chia-paraguay-logo.png","width":900,"height":300,"caption":"ChiaParaguay.com"},"image":{"@id":"https:\/\/chiaparaguay.com\/de\/#\/schema\/logo\/image\/"},"sameAs":["https:\/\/www.facebook.com\/quebrachoexport","https:\/\/www.linkedin.com\/company\/93223467"]}]}},"uagb_featured_image_src":{"full":false,"thumbnail":false,"medium":false,"medium_large":false,"large":false,"1536x1536":false,"2048x2048":false},"uagb_author_info":{"display_name":"admin","author_link":"https:\/\/chiaparaguay.com\/de\/author\/admin\/"},"uagb_comment_info":0,"uagb_excerpt":"EINE TRADITION VON SPITZENLEISTUNGEN BEI DEN PARAGUAYISCHEN CHIASAMEN Gegr\u00fcndet im Jahr 2000, hat sich ChiaParaguay.com als einer der f\u00fchrenden Produzenten und Importeure von Chiasamen aus Paraguay etabliert und beliefert M\u00e4rkte in verschiedenen europ\u00e4ischen L\u00e4ndern, den Vereinigten Staaten und dar\u00fcber hinaus. \u00dcber die Jahre hinweg haben wir stolz unsere hochwertigen Chiasamen an eine breite Palette von&hellip;","_links":{"self":[{"href":"https:\/\/chiaparaguay.com\/de\/wp-json\/wp\/v2\/pages\/2418","targetHints":{"allow":["GET"]}}],"collection":[{"href":"https:\/\/chiaparaguay.com\/de\/wp-json\/wp\/v2\/pages"}],"about":[{"href":"https:\/\/chiaparaguay.com\/de\/wp-json\/wp\/v2\/types\/page"}],"author":[{"embeddable":true,"href":"https:\/\/chiaparaguay.com\/de\/wp-json\/wp\/v2\/users\/1"}],"replies":[{"embeddable":true,"href":"https:\/\/chiaparaguay.com\/de\/wp-json\/wp\/v2\/comments?post=2418"}],"version-history":[{"count":2,"href":"https:\/\/chiaparaguay.com\/de\/wp-json\/wp\/v2\/pages\/2418\/revisions"}],"predecessor-version":[{"id":3469,"href":"https:\/\/chiaparaguay.com\/de\/wp-json\/wp\/v2\/pages\/2418\/revisions\/3469"}],"wp:attachment":[{"href":"https:\/\/chiaparaguay.com\/de\/wp-json\/wp\/v2\/media?parent=2418"}],"curies":[{"name":"wp","href":"https:\/\/api.w.org\/{rel}","templated":true}]}}